{"id":362,"date":"2025-05-08T20:20:53","date_gmt":"2025-05-08T18:20:53","guid":{"rendered":"https:\/\/drfazekasgabor.hu\/?page_id=362"},"modified":"2025-08-09T15:47:24","modified_gmt":"2025-08-09T13:47:24","slug":"betegtajekoztato","status":"publish","type":"page","link":"https:\/\/drfazekasgabor.hu\/de\/betegtajekoztato\/","title":{"rendered":"Factsheet"},"content":{"rendered":"<div data-elementor-type=\"wp-page\" data-elementor-id=\"362\" class=\"elementor elementor-362\">\n\t\t\t\t<div class=\"elementor-element elementor-element-257536c e-con-full e-flex e-con e-parent\" data-id=\"257536c\" data-element_type=\"container\" data-e-type=\"container\">\n\t\t\t\t<div class=\"elementor-element elementor-element-c629d92 elementor-widget elementor-widget-heading\" data-id=\"c629d92\" data-element_type=\"widget\" data-e-type=\"widget\" data-widget_type=\"heading.default\">\n\t\t\t\t<div class=\"elementor-widget-container\">\n\t\t\t\t\t<h2 class=\"elementor-heading-title elementor-size-default\">Factsheet<\/h2>\t\t\t\t<\/div>\n\t\t\t\t<\/div>\n\t\t\t\t<\/div>\n\t\t<div class=\"elementor-element elementor-element-7d10195 e-flex e-con-boxed e-con e-parent\" data-id=\"7d10195\" data-element_type=\"container\" data-e-type=\"container\">\n\t\t\t\t\t<div class=\"e-con-inner\">\n\t\t\t\t<div class=\"elementor-element elementor-element-3aac0bf elementor-widget elementor-widget-text-editor\" data-id=\"3aac0bf\" data-element_type=\"widget\" data-e-type=\"widget\" data-widget_type=\"text-editor.default\">\n\t\t\t\t<div class=\"elementor-widget-container\">\n\t\t\t\t\t\t\t\t\t<h5>\u00a0<\/h5><h5 style=\"text-align: center;\">Injekci\u00f3s vissz\u00e9rkezel\u00e9s (szkleroter\u00e1pia)<\/h5><p>A szkleroter\u00e1pia sor\u00e1n az \u00e9rseb\u00e9sz a t\u00e1gult visszeret kis t\u0171vel megsz\u00farja, a szklerotiz\u00e1l\u00f3 anyagot (polidocanol, aethoxysclerol) a t\u0171n kereszt\u00fcl a v\u00e9n\u00e1ba juttatja. A beadott anyag az \u00e9rben steril gyullad\u00e1st okoz, az \u00e9rfalat k\u00e1ros\u00edtja, annak hegesed\u00e9s\u00e9t ind\u00edtja el, ami a v\u00e9na falait egym\u00e1shoz tapasztja, \u00edgy az adott \u00e9rszakaszt kiz\u00e1rja a kering\u00e9sb\u0151l, mely id\u0151vel felsz\u00edv\u00f3dik, ez\u00e1ltal l\u00e1thatatlann\u00e1 v\u00e1lik.<\/p><p>A szkleroter\u00e1pi\u00e1s kezel\u00e9sek t\u00f6bb szakaszban t\u00f6rt\u00e9nnek. Egy alkalommal 2 ml (1 ampulla) hat\u00f3anyag bead\u00e1sa t\u00f6rt\u00e9nik a p\u00e1ciensnek v\u00e9gtagonk\u00e9nt. Ez \u00e1ltal\u00e1ban kb. egy ujjasteny\u00e9rnyi ter\u00fclet ell\u00e1t\u00e1sra elegend\u0151. A beadott oldat t\u00f6m\u00e9nys\u00e9g\u00e9t individu\u00e1lisan v\u00e1lasztjuk meg a beteg b\u0151rt\u00edpus\u00e1nak, ill. a kezelend\u0151 vissz\u00e9rt\u00e1gulat \u00e1tm\u00e9r\u0151j\u00e9nek megfelel\u0151en. Kifejezett, vaskos, \u201eujjnyi vastags\u00e1g\u00fa\u201d t\u00e1gulatok eset\u00e9n a beadand\u00f3 anyagot habos\u00edtjuk, \u00fan. habszkleroter\u00e1pi\u00e1t v\u00e9gz\u00fcnk.<\/p><p>A kezel\u00e9s sor\u00e1n a t\u0171sz\u00far\u00e1sok \u00e9s a kezelt \u00e9rszakaszok f\u00f6l\u00e9 g\u00f6mbt\u00f6rl\u0151t (h\u00e9tk\u00f6znapi nev\u00e9n bucit) tesz\u00fcnk, majd a kezel\u00e9s v\u00e9g\u00e9n a l\u00e1bra kompresszi\u00f3s p\u00f3ly\u00e1t, rugalmas k\u00f6t\u00e9sr\u00f6gz\u00edt\u0151t helyez\u00fcnk fel, melyet m\u00e1snap reggelig c\u00e9lszer\u0171 fennhagyni, \u00edgy az a v\u00e9nafalakat (legal\u00e1bb 10-12 \u00f3r\u00e1n \u00e1t) \u00f6sszenyomva tartja.<\/p><p>A szkleroter\u00e1pia ut\u00e1n legal\u00e1bb 15-20 perc s\u00e9ta, a passz\u00edv \u00e1ll\u00f3 vagy \u00fcl\u0151 testhelyzet ker\u00fcl\u00e9se javasolt. Sportol\u00e1s (k\u00f6nnyed testmozg\u00e1s) ak\u00e1r a kezel\u00e9st k\u00f6vet\u0151en is megengedett. Kezel\u00e9st k\u00f6vet\u0151 reggel a k\u00f6t\u00e9s elt\u00e1vol\u00edtand\u00f3, majd a kezelt ter\u00fclet h\u0171t\u00e9se, jegel\u00e9se javasolt kb. 10-15 percig. A kezelt v\u00e9gtagon t\u00e9rdig vagy combt\u0151ig \u00e9r\u0151 kompresszi\u00f3s harisnya hord\u00e1sa javasolt napk\u00f6zben a kezel\u00e9s teljes id\u0151tartama alatt, ill. az azt k\u00f6vet\u0151 k\u00e9t h\u00e9tig. A kompresszi\u00f3s harisnya vagy zokni t\u00edpus\u00e1t individu\u00e1lisan v\u00e1lasztjuk meg: enyh\u00e9bb, sepr\u0171v\u00e9na t\u00e1gulatok eset\u00e9n elegend\u0151 az I-es kompresszi\u00f3s, 140DEN-es, gy\u00f3gy\u00e1szati boltokban v\u00e9ny n\u00e9lk\u00fcl kaphat\u00f3 harisnya vagy zokni haszn\u00e1lata, m\u00edg kifejezettebb t\u00e1gulatok eset\u00e9n II-es kompresszi\u00f3s, v\u00e9nyk\u00f6teles harisnya ker\u00fcl fel\u00edr\u00e1sra \u00e9s hordand\u00f3 a kezel\u00e9s id\u0151szak\u00e1ban.<\/p><p>A kezel\u00e9s ut\u00e1ni nap est\u00e9j\u00e9t\u0151l 3-5 napig est\u00e9nk\u00e9nt Lioton vagy Dimovena g\u00e9l haszn\u00e1lata javasolt az \u00e9rintett ter\u00fcleten. Ha a kezelt ter\u00fclet \u00e9rz\u00e9kenny\u00e9, melegg\u00e9, piross\u00e1 v\u00e1lna, fenti g\u00e9lek haszn\u00e1lata az \u00e9rintett ter\u00fclet lok\u00e1lis h\u0171t\u00e9s\u00e9vel, jegel\u00e9s\u00e9vel eg\u00e9sz\u00edtend\u0151 ki (pl. gy\u00f3gyszert\u00e1rban kaphat\u00f3 j\u00e9gzsel\u00e9vel). A szkleroter\u00e1pia hat\u00e1sfoka Detralex 2&#215;1 vagy Dimotec 1&#215;1 venotonikus gy\u00f3gyszerek szed\u00e9s\u00e9vel n\u00f6velhet\u0151.<\/p><p>A szkleroter\u00e1pi\u00e1t k\u00f6vet\u0151en minimum 2 h\u00e9tig ker\u00fclend\u0151 a forr\u00f3 f\u00fcrd\u0151 \u00e9s a szauna, illetve minimum 4-6 h\u00e9tig a napoz\u00e1s \u00e9s\/vagy a szol\u00e1rium haszn\u00e1lata!<\/p><p>A kezel\u00e9st k\u00f6vet\u0151en a t\u0171sz\u00far\u00e1sok hely\u00e9n, ill. a kezelt v\u00e9nat\u00e1gulatoknak megfelel\u0151en kis bev\u00e9rz\u00e9sek \u2013 k\u00e9kes-lil\u00e1s foltok jelenhetnek meg, melyek kb. 2-4 h\u00e9t alatt nyomtalanul felsz\u00edv\u00f3dnak. A szkleroter\u00e1pi\u00e1val kezelt ter\u00fcleten kialakulhat b\u0151rp\u00edr, de \u00e9g\u0151 \u00e9rz\u00e9s, f\u00e1jdalom is megjelenhet. Mindez tulajdonk\u00e9ppen nem sz\u00f6v\u0151dm\u00e9ny, \u00e9s enyhe h\u0171t\u00e9sre, jegel\u00e9sre (borogatni tilos!) megsz\u0171nik. N\u00e9h\u00e1ny esetben a beadott anyagra val\u00f3 \u00e9rz\u00e9kenys\u00e9g allergi\u00e1s reakci\u00f3t v\u00e1lthat ki, vagy tart\u00f3s barn\u00e1s elsz\u00ednez\u0151d\u00e9st okozhat jellemz\u0151en a t\u0171sz\u00far\u00e1snak megfelel\u0151en, esetleg a kezelt \u00e9rszakasz lefut\u00e1s\u00e1nak megfelel\u0151en, ami \u00e1ltal\u00e1ban 6-12 h\u00f3napon bel\u00fcl spont\u00e1n felsz\u00edv\u00f3dik, csak kiv\u00e9teles esetekben (1-5%) lesz maradand\u00f3. Amennyiben a barn\u00e1s elsz\u00ednez\u0151d\u00e9s id\u0151vel nem halv\u00e1nyodik, az \u00e9rintett ter\u00fclet Skinoren (v\u00e9nyk\u00f6teles) kr\u00e9mes kezel\u00e9se javasolt. A szkleroter\u00e1pi\u00e1val kezelt fel\u00fcleten a b\u0151rfelsz\u00ednhez k\u00f6zel ker\u00fcl\u0151 szklerotiz\u00e1l\u00f3 anyag miatt kis b\u0151relhal\u00e1s, k\u00f6vetkezm\u00e9nyes h\u00e1mhi\u00e1ny alakulhat ki, mely k\u00e9s\u0151bb hegesed\u00e9ssel, p\u00f6rkkel gy\u00f3gyulhat.<\/p><p>Ritk\u00e1n (ezrel\u00e9kekben m\u00e9rhet\u0151 gyakoris\u00e1gban) az olt\u00f3anyag a felsz\u00ednes v\u00e9n\u00e1s f\u0151t\u00f6rzsekbe (latinul: saphena magna, parva) jutva ascend\u00e1l\u00f3 jelleg\u0171 felsz\u00ednes v\u00e9n\u00e1s f\u0151t\u00f6rzsi gyullad\u00e1st okozhat, mely LMWH, azaz heparin tartalm\u00fa v\u00e9rhig\u00edt\u00f3 injekci\u00f3 (Clexane) vagy \u00faj t\u00edpus\u00fa antikoagul\u00e1ns gy\u00f3gyszer (NOAC: Xarelto vagy Eliquis) megfelel\u0151 id\u0151tartamig t\u00f6rt\u00e9n\u0151 (a gyullad\u00e1s megsz\u0171n\u00e9s\u00e9ig!) ad\u00e1s\u00e1t teszi sz\u00fcks\u00e9gess\u00e9, megel\u0151zv\u00e9n a m\u00e9lyv\u00e9n\u00e1s rendszerbe jut\u00e1st, azaz m\u00e9lyv\u00e9n\u00e1s tromb\u00f3zis kialakul\u00e1s\u00e1t, esetleg t\u00fcd\u0151emb\u00f3lia l\u00e9trej\u00f6tt\u00e9t. Irodalmi adatokban is rarit\u00e1sk\u00e9nt fellelhet\u0151en az olt\u00f3anyag a m\u00e9lyv\u00e9n\u00e1s rendszerbe jutva, ott m\u00e9lyv\u00e9n\u00e1s tromb\u00f3zist, esetleg annak sz\u00f6v\u0151dm\u00e9nyek\u00e9nt t\u00fcd\u0151emb\u00f3li\u00e1t, habszkleroter\u00e1pi\u00e1s kezel\u00e9s eset\u00e9n agyi l\u00e9gemb\u00f3li\u00e1t okozhat, mely k\u00f3rh\u00e1zi kezel\u00e9st tehet sz\u00fcks\u00e9gess\u00e9!<\/p>\t\t\t\t\t\t\t\t<\/div>\n\t\t\t\t<\/div>\n\t\t\t\t\t<\/div>\n\t\t\t\t<\/div>\n\t\t<div class=\"elementor-element elementor-element-ad2ae2e e-con-full e-flex e-con e-parent\" data-id=\"ad2ae2e\" data-element_type=\"container\" data-e-type=\"container\">\n\t\t\t\t<div class=\"elementor-element elementor-element-f548dd3 elementor-widget elementor-widget-video\" data-id=\"f548dd3\" data-element_type=\"widget\" data-e-type=\"widget\" data-settings=\"{&quot;youtube_url&quot;:&quot;https:\\\/\\\/youtu.be\\\/c7INSRNzbNE&quot;,&quot;video_type&quot;:&quot;youtube&quot;,&quot;controls&quot;:&quot;yes&quot;}\" data-widget_type=\"video.default\">\n\t\t\t\t<div class=\"elementor-widget-container\">\n\t\t\t\t\t\t\t<div class=\"elementor-wrapper elementor-open-inline\">\n\t\t\t<div class=\"elementor-video\"><\/div>\t\t<\/div>\n\t\t\t\t\t\t<\/div>\n\t\t\t\t<\/div>\n\t\t\t\t<\/div>\n\t\t<div class=\"elementor-element elementor-element-a9dcad8 e-flex e-con-boxed e-con e-parent\" data-id=\"a9dcad8\" data-element_type=\"container\" data-e-type=\"container\" data-settings=\"{&quot;background_background&quot;:&quot;classic&quot;}\">\n\t\t\t\t\t<div class=\"e-con-inner\">\n\t\t<div class=\"elementor-element elementor-element-980eadf e-con-full e-flex e-con e-child\" data-id=\"980eadf\" data-element_type=\"container\" data-e-type=\"container\">\n\t\t\t\t<div class=\"elementor-element elementor-element-3a396c1 elementor-view-default elementor-widget elementor-widget-icon\" data-id=\"3a396c1\" data-element_type=\"widget\" data-e-type=\"widget\" data-widget_type=\"icon.default\">\n\t\t\t\t<div class=\"elementor-widget-container\">\n\t\t\t\t\t\t\t<div class=\"elementor-icon-wrapper\">\n\t\t\t<div class=\"elementor-icon\">\n\t\t\t<svg aria-hidden=\"true\" class=\"e-font-icon-svg e-fas-map-marker-alt\" viewbox=\"0 0 384 512\" xmlns=\"http:\/\/www.w3.org\/2000\/svg\"><path d=\"M172.268 501.67C26.97 291.031 0 269.413 0 192 0 85.961 85.961 0 192 0s192 85.961 192 192c0 77.413-26.97 99.031-172.268 309.67-9.535 13.774-29.93 13.773-39.464 0zM192 272c44.183 0 80-35.817 80-80s-35.817-80-80-80-80 35.817-80 80 35.817 80 80 80z\"><\/path><\/svg>\t\t\t<\/div>\n\t\t<\/div>\n\t\t\t\t\t\t<\/div>\n\t\t\t\t<\/div>\n\t\t\t\t<div class=\"elementor-element elementor-element-ea4f069 elementor-widget elementor-widget-text-editor\" data-id=\"ea4f069\" data-element_type=\"widget\" data-e-type=\"widget\" data-widget_type=\"text-editor.default\">\n\t\t\t\t<div class=\"elementor-widget-container\">\n\t\t\t\t\t\t\t\t\t<p style=\"text-align: center;\">7633 P\u00e9cs, Dr. Veress Endre utca 2. <br \/>Westfl\u00fcgel 1. Stock 109.<\/p>\t\t\t\t\t\t\t\t<\/div>\n\t\t\t\t<\/div>\n\t\t\t\t<\/div>\n\t\t<div class=\"elementor-element elementor-element-4991213 e-con-full e-flex e-con e-child\" data-id=\"4991213\" data-element_type=\"container\" data-e-type=\"container\">\n\t\t\t\t<div class=\"elementor-element elementor-element-b8d0f03 elementor-view-default elementor-widget elementor-widget-icon\" data-id=\"b8d0f03\" data-element_type=\"widget\" data-e-type=\"widget\" data-widget_type=\"icon.default\">\n\t\t\t\t<div class=\"elementor-widget-container\">\n\t\t\t\t\t\t\t<div class=\"elementor-icon-wrapper\">\n\t\t\t<div class=\"elementor-icon\">\n\t\t\t<svg aria-hidden=\"true\" class=\"e-font-icon-svg e-fas-envelope\" viewbox=\"0 0 512 512\" xmlns=\"http:\/\/www.w3.org\/2000\/svg\"><path d=\"M502.3 190.8c3.9-3.1 9.7-.2 9.7 4.7V400c0 26.5-21.5 48-48 48H48c-26.5 0-48-21.5-48-48V195.6c0-5 5.7-7.8 9.7-4.7 22.4 17.4 52.1 39.5 154.1 113.6 21.1 15.4 56.7 47.8 92.2 47.6 35.7.3 72-32.8 92.3-47.6 102-74.1 131.6-96.3 154-113.7zM256 320c23.2.4 56.6-29.2 73.4-41.4 132.7-96.3 142.8-104.7 173.4-128.7 5.8-4.5 9.2-11.5 9.2-18.9v-19c0-26.5-21.5-48-48-48H48C21.5 64 0 85.5 0 112v19c0 7.4 3.4 14.3 9.2 18.9 30.6 23.9 40.7 32.4 173.4 128.7 16.8 12.2 50.2 41.8 73.4 41.4z\"><\/path><\/svg>\t\t\t<\/div>\n\t\t<\/div>\n\t\t\t\t\t\t<\/div>\n\t\t\t\t<\/div>\n\t\t\t\t<div class=\"elementor-element elementor-element-bf4cf09 elementor-widget elementor-widget-text-editor\" data-id=\"bf4cf09\" data-element_type=\"widget\" data-e-type=\"widget\" data-widget_type=\"text-editor.default\">\n\t\t\t\t<div class=\"elementor-widget-container\">\n\t\t\t\t\t\t\t\t\t<p style=\"text-align: center;\"><a href=\"mailto:drfazekasg@gmail.com\">drfazekasg@gmail.com<\/a><\/p>\t\t\t\t\t\t\t\t<\/div>\n\t\t\t\t<\/div>\n\t\t\t\t<\/div>\n\t\t<div class=\"elementor-element elementor-element-6eb9d0d e-con-full e-flex e-con e-child\" data-id=\"6eb9d0d\" data-element_type=\"container\" data-e-type=\"container\">\n\t\t\t\t<div class=\"elementor-element elementor-element-274153e elementor-view-default elementor-widget elementor-widget-icon\" data-id=\"274153e\" data-element_type=\"widget\" data-e-type=\"widget\" data-widget_type=\"icon.default\">\n\t\t\t\t<div class=\"elementor-widget-container\">\n\t\t\t\t\t\t\t<div class=\"elementor-icon-wrapper\">\n\t\t\t<div class=\"elementor-icon\">\n\t\t\t<svg aria-hidden=\"true\" class=\"e-font-icon-svg e-fas-phone\" viewbox=\"0 0 512 512\" xmlns=\"http:\/\/www.w3.org\/2000\/svg\"><path d=\"M493.4 24.6l-104-24c-11.3-2.6-22.9 3.3-27.5 13.9l-48 112c-4.2 9.8-1.4 21.3 6.9 28l60.6 49.6c-36 76.7-98.9 140.5-177.2 177.2l-49.6-60.6c-6.8-8.3-18.2-11.1-28-6.9l-112 48C3.9 366.5-2 378.1.6 389.4l24 104C27.1 504.2 36.7 512 48 512c256.1 0 464-207.5 464-464 0-11.2-7.7-20.9-18.6-23.4z\"><\/path><\/svg>\t\t\t<\/div>\n\t\t<\/div>\n\t\t\t\t\t\t<\/div>\n\t\t\t\t<\/div>\n\t\t\t\t<div class=\"elementor-element elementor-element-abacf7c elementor-widget elementor-widget-text-editor\" data-id=\"abacf7c\" data-element_type=\"widget\" data-e-type=\"widget\" data-widget_type=\"text-editor.default\">\n\t\t\t\t<div class=\"elementor-widget-container\">\n\t\t\t\t\t\t\t\t\t<p style=\"text-align: center;\">Check-in an Wochentagen: 8:00-16:00<br \/><a href=\"tel:+36704081368\">+36 70 408 1368<\/a><\/p>\t\t\t\t\t\t\t\t<\/div>\n\t\t\t\t<\/div>\n\t\t\t\t<\/div>\n\t\t\t\t\t<\/div>\n\t\t\t\t<\/div>\n\t\t<div class=\"elementor-element elementor-element-14254bf e-flex e-con-boxed e-con e-parent\" data-id=\"14254bf\" data-element_type=\"container\" data-e-type=\"container\" data-settings=\"{&quot;background_background&quot;:&quot;classic&quot;}\">\n\t\t\t\t\t<div class=\"e-con-inner\">\n\t\t\t\t<div class=\"elementor-element elementor-element-3a9d278 elementor-widget elementor-widget-text-editor\" data-id=\"3a9d278\" data-element_type=\"widget\" data-e-type=\"widget\" data-widget_type=\"text-editor.default\">\n\t\t\t\t<div class=\"elementor-widget-container\">\n\t\t\t\t\t\t\t\t\t<p style=\"text-align: left;\"><span class=\"NA6bn BxUVEf ILfuVd\" lang=\"en\"><span class=\"hgKElc\"><b>\u00a9<\/b><\/span><\/span> 2026 | Created by Zs\u00e9\u00e9<\/p>\t\t\t\t\t\t\t\t<\/div>\n\t\t\t\t<\/div>\n\t\t\t\t\t<\/div>\n\t\t\t\t<\/div>\n\t\t\t\t<\/div>","protected":false},"excerpt":{"rendered":"<p>Betegt\u00e1j\u00e9koztat\u00f3 \u00a0 Injekci\u00f3s vissz\u00e9rkezel\u00e9s (szkleroter\u00e1pia) A szkleroter\u00e1pia sor\u00e1n az \u00e9rseb\u00e9sz a t\u00e1gult visszeret kis t\u0171vel megsz\u00farja, a szklerotiz\u00e1l\u00f3 anyagot (polidocanol, aethoxysclerol) a t\u0171n kereszt\u00fcl a v\u00e9n\u00e1ba juttatja. A beadott anyag az \u00e9rben steril gyullad\u00e1st okoz, az \u00e9rfalat k\u00e1ros\u00edtja, annak hegesed\u00e9s\u00e9t ind\u00edtja el, ami a v\u00e9na falait egym\u00e1shoz tapasztja, \u00edgy az adott \u00e9rszakaszt kiz\u00e1rja a kering\u00e9sb\u0151l, [&hellip;]<\/p>\n","protected":false},"author":1,"featured_media":0,"parent":0,"menu_order":0,"comment_status":"closed","ping_status":"closed","template":"","meta":{"footnotes":""},"class_list":["post-362","page","type-page","status-publish","hentry"],"_links":{"self":[{"href":"https:\/\/drfazekasgabor.hu\/de\/wp-json\/wp\/v2\/pages\/362","targetHints":{"allow":["GET"]}}],"collection":[{"href":"https:\/\/drfazekasgabor.hu\/de\/wp-json\/wp\/v2\/pages"}],"about":[{"href":"https:\/\/drfazekasgabor.hu\/de\/wp-json\/wp\/v2\/types\/page"}],"author":[{"embeddable":true,"href":"https:\/\/drfazekasgabor.hu\/de\/wp-json\/wp\/v2\/users\/1"}],"replies":[{"embeddable":true,"href":"https:\/\/drfazekasgabor.hu\/de\/wp-json\/wp\/v2\/comments?post=362"}],"version-history":[{"count":32,"href":"https:\/\/drfazekasgabor.hu\/de\/wp-json\/wp\/v2\/pages\/362\/revisions"}],"predecessor-version":[{"id":500,"href":"https:\/\/drfazekasgabor.hu\/de\/wp-json\/wp\/v2\/pages\/362\/revisions\/500"}],"wp:attachment":[{"href":"https:\/\/drfazekasgabor.hu\/de\/wp-json\/wp\/v2\/media?parent=362"}],"curies":[{"name":"wp","href":"https:\/\/api.w.org\/{rel}","templated":true}]}}