{"id":362,"date":"2025-05-08T20:20:53","date_gmt":"2025-05-08T18:20:53","guid":{"rendered":"https:\/\/drfazekasgabor.hu\/?page_id=362"},"modified":"2025-08-09T15:47:24","modified_gmt":"2025-08-09T13:47:24","slug":"patient-entertainment","status":"publish","type":"page","link":"https:\/\/drfazekasgabor.hu\/en\/patient-entertainment\/","title":{"rendered":"Factsheet"},"content":{"rendered":"<div data-elementor-type=\"wp-page\" data-elementor-id=\"362\" class=\"elementor elementor-362\">\n\t\t\t\t<div class=\"elementor-element elementor-element-257536c e-con-full e-flex e-con e-parent\" data-id=\"257536c\" data-element_type=\"container\" data-e-type=\"container\">\n\t\t\t\t<div class=\"elementor-element elementor-element-c629d92 elementor-widget elementor-widget-heading\" data-id=\"c629d92\" data-element_type=\"widget\" data-e-type=\"widget\" data-widget_type=\"heading.default\">\n\t\t\t\t<div class=\"elementor-widget-container\">\n\t\t\t\t\t<h2 class=\"elementor-heading-title elementor-size-default\">Factsheet<\/h2>\t\t\t\t<\/div>\n\t\t\t\t<\/div>\n\t\t\t\t<\/div>\n\t\t<div class=\"elementor-element elementor-element-7d10195 e-flex e-con-boxed e-con e-parent\" data-id=\"7d10195\" data-element_type=\"container\" data-e-type=\"container\">\n\t\t\t\t\t<div class=\"e-con-inner\">\n\t\t\t\t<div class=\"elementor-element elementor-element-3aac0bf elementor-widget elementor-widget-text-editor\" data-id=\"3aac0bf\" data-element_type=\"widget\" data-e-type=\"widget\" data-widget_type=\"text-editor.default\">\n\t\t\t\t<div class=\"elementor-widget-container\">\n\t\t\t\t\t\t\t\t\t<h5>\u00a0<\/h5><h5 style=\"text-align: center;\">Injection revascularisation (sclerotherapy)<\/h5><p>During sclerotherapy, the vascular surgeon uses a small needle to puncture the dilated varicose vein, and the sclerosing agent (polydocanol, aethoxysclerol) is injected through the needle into the vein. The substance injected causes sterile inflammation in the vein, damaging the vessel wall and triggering its scarring, which causes the vein walls to stick together, thus excluding the vein segment from the circulation, which is absorbed over time, making it invisible.<\/p><p>Sclerotherapy treatments take place in several stages. In one session, the patient is given 2 ml (1 ampoule) of active substance per limb. This is usually enough to cover an area the size of a fingertip. The concentration of the solution administered is chosen individually according to the patient's skin type and the diameter of the varicose veins to be treated. In the case of pronounced, thick, \u201efinger-thick\u201d dilatations, the substance to be administered is foamed, so-called foam sclerotherapy.<\/p><p>During the treatment, a balloon compress (also known as a bucit) is placed over the needle punctures and the treated vascular sections, and at the end of the treatment, a compression bandage or elastic bandage is applied to the leg, which should be left on until the next morning to keep the vein walls compressed (for at least 10-12 hours).<\/p><p>After sclerotherapy, it is recommended to walk for at least 15-20 minutes and avoid passive standing or sitting. Exercise (light physical activity) is allowed even after the treatment. In the morning after the treatment, the bandage should be removed and the treated area should be cooled and iced for about 10-15 minutes. Compression stockings up to the knee or thigh should be worn during the day for the entire duration of the treatment and for two weeks afterwards. The type of compression stocking or sock is chosen individually: for milder dilatations of the saphenous vein, the 140DEN compression stocking or sock I, available without prescription from medical shops, is sufficient, while for more severe dilatations, a compression stocking II, available without prescription, is prescribed and worn during the treatment period.<\/p><p>From the evening of the day after the treatment, it is recommended to apply Lioton or Dimovena gel to the affected area every evening for 3-5 days. If the treated area becomes sensitive, hot, red, the use of the above gels should be supplemented by local cooling or icing of the affected area (e.g. ice gel available from pharmacies). The effectiveness of sclerotherapy can be increased by taking Detralex 2\u00d71 or Dimotec 1\u00d71 venotonic drugs.<\/p><p>After sclerotherapy, avoid hot baths and saunas for at least 2 weeks and sunbathing and\/or tanning beds for at least 4-6 weeks!<\/p><p>After the treatment, small haemorrhages - bluish-purple patches may appear at the site of the needle punctures or in the treated venous dilatations, which disappear without a trace in about 2-4 weeks. The area treated with sclerotherapy may become red, but may also feel burning and painful. All this is not actually a complication and will disappear with mild cooling and icing (do not apply compresses!). In some cases, sensitivity to the substance administered may cause an allergic reaction or a permanent brown discolouration, typically corresponding to the needle puncture, possibly according to the course of the treated vascular segment, which usually disappears spontaneously within 6-12 months, becoming permanent only in exceptional cases (1-5%). If the brownish discoloration does not fade over time, Skinoren (prescription) cream treatment of the affected area is recommended. The sclerosing agent placed close to the skin surface on the sclerotherapy-treated area may cause a small amount of skin necrosis, resulting in a small epithelial defect, which may later heal with scarring or redness.<\/p><p>In rare cases (frequency in thousands of units), the vaccine can cause an ascending type of superficial venous inflammation in the main trunks of the saphenous vein (Latin: saphena magna, parva), which can be treated with LMWH, i.e. heparin containing blood thinners (Clexane) or a new type of anticoagulant drug (NOAC: Xarelto or Eliquis) for an appropriate period of time (until the inflammation is gone!) for a prolonged period of time (until the inflammation stops) to prevent deep vein thrombosis (deep vein thrombosis) and possibly pulmonary embolism. Rarely found in the literature, the vaccine may enter the deep venous system and cause deep venous thrombosis, possibly resulting in pulmonary embolism, and in the case of treatment with foam sclerotherapy, cerebral embolism, which may require hospitalisation!<\/p>\t\t\t\t\t\t\t\t<\/div>\n\t\t\t\t<\/div>\n\t\t\t\t\t<\/div>\n\t\t\t\t<\/div>\n\t\t<div class=\"elementor-element elementor-element-ad2ae2e e-con-full e-flex e-con e-parent\" data-id=\"ad2ae2e\" data-element_type=\"container\" data-e-type=\"container\">\n\t\t\t\t<div class=\"elementor-element elementor-element-f548dd3 elementor-widget elementor-widget-video\" data-id=\"f548dd3\" data-element_type=\"widget\" data-e-type=\"widget\" data-settings=\"{&quot;youtube_url&quot;:&quot;https:\\\/\\\/youtu.be\\\/c7INSRNzbNE&quot;,&quot;video_type&quot;:&quot;youtube&quot;,&quot;controls&quot;:&quot;yes&quot;}\" data-widget_type=\"video.default\">\n\t\t\t\t<div class=\"elementor-widget-container\">\n\t\t\t\t\t\t\t<div class=\"elementor-wrapper elementor-open-inline\">\n\t\t\t<div class=\"elementor-video\"><\/div>\t\t<\/div>\n\t\t\t\t\t\t<\/div>\n\t\t\t\t<\/div>\n\t\t\t\t<\/div>\n\t\t<div class=\"elementor-element elementor-element-a9dcad8 e-flex e-con-boxed e-con e-parent\" data-id=\"a9dcad8\" data-element_type=\"container\" data-e-type=\"container\" data-settings=\"{&quot;background_background&quot;:&quot;classic&quot;}\">\n\t\t\t\t\t<div class=\"e-con-inner\">\n\t\t<div class=\"elementor-element elementor-element-980eadf e-con-full e-flex e-con e-child\" data-id=\"980eadf\" data-element_type=\"container\" data-e-type=\"container\">\n\t\t\t\t<div class=\"elementor-element elementor-element-3a396c1 elementor-view-default elementor-widget elementor-widget-icon\" data-id=\"3a396c1\" data-element_type=\"widget\" data-e-type=\"widget\" data-widget_type=\"icon.default\">\n\t\t\t\t<div class=\"elementor-widget-container\">\n\t\t\t\t\t\t\t<div class=\"elementor-icon-wrapper\">\n\t\t\t<div class=\"elementor-icon\">\n\t\t\t<svg aria-hidden=\"true\" class=\"e-font-icon-svg e-fas-map-marker-alt\" viewbox=\"0 0 384 512\" xmlns=\"http:\/\/www.w3.org\/2000\/svg\"><path d=\"M172.268 501.67C26.97 291.031 0 269.413 0 192 0 85.961 85.961 0 192 0s192 85.961 192 192c0 77.413-26.97 99.031-172.268 309.67-9.535 13.774-29.93 13.773-39.464 0zM192 272c44.183 0 80-35.817 80-80s-35.817-80-80-80-80 35.817-80 80 35.817 80 80 80z\"><\/path><\/svg>\t\t\t<\/div>\n\t\t<\/div>\n\t\t\t\t\t\t<\/div>\n\t\t\t\t<\/div>\n\t\t\t\t<div class=\"elementor-element elementor-element-ea4f069 elementor-widget elementor-widget-text-editor\" data-id=\"ea4f069\" data-element_type=\"widget\" data-e-type=\"widget\" data-widget_type=\"text-editor.default\">\n\t\t\t\t<div class=\"elementor-widget-container\">\n\t\t\t\t\t\t\t\t\t<p style=\"text-align: center;\">7633 P\u00e9cs, Dr Veress Endre utca 2. <br \/>West Wing 1st floor 109. surgery<\/p>\t\t\t\t\t\t\t\t<\/div>\n\t\t\t\t<\/div>\n\t\t\t\t<\/div>\n\t\t<div class=\"elementor-element elementor-element-4991213 e-con-full e-flex e-con e-child\" data-id=\"4991213\" data-element_type=\"container\" data-e-type=\"container\">\n\t\t\t\t<div class=\"elementor-element elementor-element-b8d0f03 elementor-view-default elementor-widget elementor-widget-icon\" data-id=\"b8d0f03\" data-element_type=\"widget\" data-e-type=\"widget\" data-widget_type=\"icon.default\">\n\t\t\t\t<div class=\"elementor-widget-container\">\n\t\t\t\t\t\t\t<div class=\"elementor-icon-wrapper\">\n\t\t\t<div class=\"elementor-icon\">\n\t\t\t<svg aria-hidden=\"true\" class=\"e-font-icon-svg e-fas-envelope\" viewbox=\"0 0 512 512\" xmlns=\"http:\/\/www.w3.org\/2000\/svg\"><path d=\"M502.3 190.8c3.9-3.1 9.7-.2 9.7 4.7V400c0 26.5-21.5 48-48 48H48c-26.5 0-48-21.5-48-48V195.6c0-5 5.7-7.8 9.7-4.7 22.4 17.4 52.1 39.5 154.1 113.6 21.1 15.4 56.7 47.8 92.2 47.6 35.7.3 72-32.8 92.3-47.6 102-74.1 131.6-96.3 154-113.7zM256 320c23.2.4 56.6-29.2 73.4-41.4 132.7-96.3 142.8-104.7 173.4-128.7 5.8-4.5 9.2-11.5 9.2-18.9v-19c0-26.5-21.5-48-48-48H48C21.5 64 0 85.5 0 112v19c0 7.4 3.4 14.3 9.2 18.9 30.6 23.9 40.7 32.4 173.4 128.7 16.8 12.2 50.2 41.8 73.4 41.4z\"><\/path><\/svg>\t\t\t<\/div>\n\t\t<\/div>\n\t\t\t\t\t\t<\/div>\n\t\t\t\t<\/div>\n\t\t\t\t<div class=\"elementor-element elementor-element-bf4cf09 elementor-widget elementor-widget-text-editor\" data-id=\"bf4cf09\" data-element_type=\"widget\" data-e-type=\"widget\" data-widget_type=\"text-editor.default\">\n\t\t\t\t<div class=\"elementor-widget-container\">\n\t\t\t\t\t\t\t\t\t<p style=\"text-align: center;\"><a href=\"mailto:drfazekasg@gmail.com\">drfazekasg@gmail.com<\/a><\/p>\t\t\t\t\t\t\t\t<\/div>\n\t\t\t\t<\/div>\n\t\t\t\t<\/div>\n\t\t<div class=\"elementor-element elementor-element-6eb9d0d e-con-full e-flex e-con e-child\" data-id=\"6eb9d0d\" data-element_type=\"container\" data-e-type=\"container\">\n\t\t\t\t<div class=\"elementor-element elementor-element-274153e elementor-view-default elementor-widget elementor-widget-icon\" data-id=\"274153e\" data-element_type=\"widget\" data-e-type=\"widget\" data-widget_type=\"icon.default\">\n\t\t\t\t<div class=\"elementor-widget-container\">\n\t\t\t\t\t\t\t<div class=\"elementor-icon-wrapper\">\n\t\t\t<div class=\"elementor-icon\">\n\t\t\t<svg aria-hidden=\"true\" class=\"e-font-icon-svg e-fas-phone\" viewbox=\"0 0 512 512\" xmlns=\"http:\/\/www.w3.org\/2000\/svg\"><path d=\"M493.4 24.6l-104-24c-11.3-2.6-22.9 3.3-27.5 13.9l-48 112c-4.2 9.8-1.4 21.3 6.9 28l60.6 49.6c-36 76.7-98.9 140.5-177.2 177.2l-49.6-60.6c-6.8-8.3-18.2-11.1-28-6.9l-112 48C3.9 366.5-2 378.1.6 389.4l24 104C27.1 504.2 36.7 512 48 512c256.1 0 464-207.5 464-464 0-11.2-7.7-20.9-18.6-23.4z\"><\/path><\/svg>\t\t\t<\/div>\n\t\t<\/div>\n\t\t\t\t\t\t<\/div>\n\t\t\t\t<\/div>\n\t\t\t\t<div class=\"elementor-element elementor-element-abacf7c elementor-widget elementor-widget-text-editor\" data-id=\"abacf7c\" data-element_type=\"widget\" data-e-type=\"widget\" data-widget_type=\"text-editor.default\">\n\t\t\t\t<div class=\"elementor-widget-container\">\n\t\t\t\t\t\t\t\t\t<p style=\"text-align: center;\">Check-in on weekdays: 8:00-16:00<br \/><a href=\"tel:+36704081368\">+36 70 408 1368<\/a><\/p>\t\t\t\t\t\t\t\t<\/div>\n\t\t\t\t<\/div>\n\t\t\t\t<\/div>\n\t\t\t\t\t<\/div>\n\t\t\t\t<\/div>\n\t\t<div class=\"elementor-element elementor-element-14254bf e-flex e-con-boxed e-con e-parent\" data-id=\"14254bf\" data-element_type=\"container\" data-e-type=\"container\" data-settings=\"{&quot;background_background&quot;:&quot;classic&quot;}\">\n\t\t\t\t\t<div class=\"e-con-inner\">\n\t\t\t\t<div class=\"elementor-element elementor-element-3a9d278 elementor-widget elementor-widget-text-editor\" data-id=\"3a9d278\" data-element_type=\"widget\" data-e-type=\"widget\" data-widget_type=\"text-editor.default\">\n\t\t\t\t<div class=\"elementor-widget-container\">\n\t\t\t\t\t\t\t\t\t<p style=\"text-align: left;\"><span class=\"NA6bn BxUVEf ILfuVd\" lang=\"en\"><span class=\"hgKElc\"><b>\u00a9<\/b><\/span><\/span> 2026 | Created by Zs\u00e9\u00e9<\/p>\t\t\t\t\t\t\t\t<\/div>\n\t\t\t\t<\/div>\n\t\t\t\t\t<\/div>\n\t\t\t\t<\/div>\n\t\t\t\t<\/div>","protected":false},"excerpt":{"rendered":"<p>Betegt\u00e1j\u00e9koztat\u00f3 \u00a0 Injekci\u00f3s vissz\u00e9rkezel\u00e9s (szkleroter\u00e1pia) A szkleroter\u00e1pia sor\u00e1n az \u00e9rseb\u00e9sz a t\u00e1gult visszeret kis t\u0171vel megsz\u00farja, a szklerotiz\u00e1l\u00f3 anyagot (polidocanol, aethoxysclerol) a t\u0171n kereszt\u00fcl a v\u00e9n\u00e1ba juttatja. A beadott anyag az \u00e9rben steril gyullad\u00e1st okoz, az \u00e9rfalat k\u00e1ros\u00edtja, annak hegesed\u00e9s\u00e9t ind\u00edtja el, ami a v\u00e9na falait egym\u00e1shoz tapasztja, \u00edgy az adott \u00e9rszakaszt kiz\u00e1rja a kering\u00e9sb\u0151l, [&hellip;]<\/p>\n","protected":false},"author":1,"featured_media":0,"parent":0,"menu_order":0,"comment_status":"closed","ping_status":"closed","template":"","meta":{"footnotes":""},"class_list":["post-362","page","type-page","status-publish","hentry"],"_links":{"self":[{"href":"https:\/\/drfazekasgabor.hu\/en\/wp-json\/wp\/v2\/pages\/362","targetHints":{"allow":["GET"]}}],"collection":[{"href":"https:\/\/drfazekasgabor.hu\/en\/wp-json\/wp\/v2\/pages"}],"about":[{"href":"https:\/\/drfazekasgabor.hu\/en\/wp-json\/wp\/v2\/types\/page"}],"author":[{"embeddable":true,"href":"https:\/\/drfazekasgabor.hu\/en\/wp-json\/wp\/v2\/users\/1"}],"replies":[{"embeddable":true,"href":"https:\/\/drfazekasgabor.hu\/en\/wp-json\/wp\/v2\/comments?post=362"}],"version-history":[{"count":32,"href":"https:\/\/drfazekasgabor.hu\/en\/wp-json\/wp\/v2\/pages\/362\/revisions"}],"predecessor-version":[{"id":500,"href":"https:\/\/drfazekasgabor.hu\/en\/wp-json\/wp\/v2\/pages\/362\/revisions\/500"}],"wp:attachment":[{"href":"https:\/\/drfazekasgabor.hu\/en\/wp-json\/wp\/v2\/media?parent=362"}],"curies":[{"name":"wp","href":"https:\/\/api.w.org\/{rel}","templated":true}]}}